{"id":3,"date":"2024-02-06T17:34:14","date_gmt":"2024-02-06T17:34:14","guid":{"rendered":"https:\/\/www.nectis.de\/?page_id=3"},"modified":"2024-03-07T13:29:26","modified_gmt":"2024-03-07T13:29:26","slug":"privacy-policy","status":"publish","type":"page","link":"https:\/\/www.nectis.de\/?page_id=3","title":{"rendered":"Privacy Policy"},"content":{"rendered":"\n<pre class=\"wp-block-code alignwide\"><code><h1>Datenschutzerkl\u00e4rung<\/h1>\n<p>Stand: 7. M\u00e4rz 2024<\/p><h2>Inhalts\u00fcbersicht<\/h2>\n <ul class=\"index\"><li><a class=\"index-link\" href=\"#m3\">Verantwortlicher<\/a><\/li><li><a class=\"index-link\" href=\"#mOverview\">\u00dcbersicht der Verarbeitungen<\/a><\/li><li><a class=\"index-link\" href=\"#m2427\">Ma\u00dfgebliche Rechtsgrundlagen<\/a><\/li><li><a class=\"index-link\" href=\"#m27\">Sicherheitsma\u00dfnahmen<\/a><a><\/a><\/li><li><a class=\"index-link\" href=\"#m24\">Internationale Datentransfers<\/a><\/li><li><a class=\"index-link\" href=\"#m10\">Rechte der betroffenen Personen<\/a><\/li><li><a class=\"index-link\" href=\"#m134\">Einsatz von Cookies<\/a><\/li><li><a class=\"index-link\" href=\"#m225\">Bereitstellung des Onlineangebotes und Webhosting<\/a><\/li><li><a class=\"index-link\" href=\"#m182\">Kontakt- und Anfragenverwaltung<\/a><\/li><\/ul><h2 id=\"m3\">Verantwortlicher<\/h2><p>Nectis AG<br>Postadresse:<br>Grelckstr. 19a<br>22529 Hamburg<br><br>Vertretungsberechtigt:<br>Matthias Nass, Vorstand<\/p>\nE-Mail-Adresse: <a href=\"mailto:m.nass@nectis.de\">m.nass@nectis.de<\/a>\nImpressum: <a href=\"https:\/\/www.nectis.de\/?page_id=56\" target=\"_blank\" rel=\"noopener\">https:\/\/www.nectis.de\/?page_id=56<\/a>\n\n<h2 id=\"mOverview\">\u00dcbersicht der Verarbeitungen<\/h2><p>Die nachfolgende \u00dcbersicht fasst die Arten der verarbeiteten Daten und die Zwecke ihrer Verarbeitung zusammen und verweist auf die betroffenen Personen.<\/p><h3>Arten der verarbeiteten Daten<\/h3>\n<ul><li>Kontaktdaten.<\/li><li>Inhaltsdaten.<\/li><li>Nutzungsdaten.<\/li><li>Meta-, Kommunikations- und Verfahrensdaten.<\/li><\/ul><h3>Kategorien betroffener Personen<\/h3><ul><li>Kommunikationspartner.<\/li><li>Nutzer.<\/li><\/ul><h3>Zwecke der Verarbeitung<\/h3><ul><li>Kontaktanfragen und Kommunikation.<\/li><li>Sicherheitsma\u00dfnahmen.<\/li><li>Verwaltung und Beantwortung von Anfragen.<\/li><li>Feedback.<\/li><li>Bereitstellung unseres Onlineangebotes und Nutzerfreundlichkeit.<\/li><li>Informationstechnische Infrastruktur.<\/li><\/ul><h2 id=\"m2427\">Ma\u00dfgebliche Rechtsgrundlagen<\/h2><p><strong>Ma\u00dfgebliche Rechtsgrundlagen nach der DSGVO: <\/strong>Im Folgenden erhalten Sie eine \u00dcbersicht der Rechtsgrundlagen der DSGVO, auf deren Basis wir personenbezogene Daten verarbeiten. Bitte nehmen Sie zur Kenntnis, dass neben den Regelungen der DSGVO nationale Datenschutzvorgaben in Ihrem bzw. unserem Wohn- oder Sitzland gelten k\u00f6nnen. Sollten ferner im Einzelfall speziellere Rechtsgrundlagen ma\u00dfgeblich sein, teilen wir Ihnen diese in der Datenschutzerkl\u00e4rung mit.<\/p>\n <ul><li><strong>Einwilligung (Art. 6 Abs. 1 S. 1 lit. a) DSGVO)<\/strong> - Die betroffene Person hat ihre Einwilligung in die Verarbeitung der sie betreffenden personenbezogenen Daten f\u00fcr einen spezifischen Zweck oder mehrere bestimmte Zwecke gegeben.<\/li><li><strong>Vertragserf\u00fcllung und vorvertragliche Anfragen (Art. 6 Abs. 1 S. 1 lit. b) DSGVO)<\/strong> - Die Verarbeitung ist f\u00fcr die Erf\u00fcllung eines Vertrags, dessen Vertragspartei die betroffene Person ist, oder zur Durchf\u00fchrung vorvertraglicher Ma\u00dfnahmen erforderlich, die auf Anfrage der betroffenen Person erfolgen.<\/li><li><strong>Berechtigte Interessen (Art. 6 Abs. 1 S. 1 lit. f) DSGVO)<\/strong> - Die Verarbeitung ist zur Wahrung der berechtigten Interessen des Verantwortlichen oder eines Dritten erforderlich, sofern nicht die Interessen oder Grundrechte und Grundfreiheiten der betroffenen Person, die den Schutz personenbezogener Daten erfordern, \u00fcberwiegen.<\/li><\/ul><p><strong>Nationale Datenschutzregelungen in Deutschland: <\/strong>Zus\u00e4tzlich zu den Datenschutzregelungen der DSGVO gelten nationale Regelungen zum Datenschutz in Deutschland. Hierzu geh\u00f6rt insbesondere das Gesetz zum Schutz vor Missbrauch personenbezogener Daten bei der Datenverarbeitung (Bundesdatenschutzgesetz \u2013 BDSG). Das BDSG enth\u00e4lt insbesondere Spezialregelungen zum Recht auf Auskunft, zum Recht auf L\u00f6schung, zum Widerspruchsrecht, zur Verarbeitung besonderer Kategorien personenbezogener Daten, zur Verarbeitung f\u00fcr andere Zwecke und zur \u00dcbermittlung sowie automatisierten Entscheidungsfindung im Einzelfall einschlie\u00dflich Profiling. Ferner k\u00f6nnen Landesdatenschutzgesetze der einzelnen Bundesl\u00e4nder zur Anwendung gelangen.<\/p>\n<p><strong>Hinweis auf Geltung DSGVO und Schweizer DSG: <\/strong>Diese Datenschutzhinweise dienen sowohl der Informationserteilung nach dem schweizerischen Bundesgesetz \u00fcber den Datenschutz (Schweizer DSG) als auch nach der Datenschutzgrundverordnung (DSGVO). Aus diesem Grund bitten wir Sie zu beachten, dass aufgrund der breiteren r\u00e4umlichen Anwendung und Verst\u00e4ndlichkeit die Begriffe der DSGVO verwendet werden. Insbesondere statt der im Schweizer DSG verwendeten Begriffe \u201eBearbeitung\" von \u201ePersonendaten\", \"\u00fcberwiegendes Interesse\" und \"besonders sch\u00fctzenswerte Personendaten\" werden die in der DSGVO verwendeten Begriffe \u201eVerarbeitung\" von \u201epersonenbezogenen Daten\" sowie \"berechtigtes Interesse\" und \"besondere Kategorien von Daten\" verwendet. Die gesetzliche Bedeutung der Begriffe wird jedoch im Rahmen der Geltung des Schweizer DSG weiterhin nach dem Schweizer DSG bestimmt.<\/p>\n\n<h2 id=\"m27\">Sicherheitsma\u00dfnahmen<\/h2><p>Wir treffen nach Ma\u00dfgabe der gesetzlichen Vorgaben unter Ber\u00fccksichtigung des Stands der Technik, der Implementierungskosten und der Art, des Umfangs, der Umst\u00e4nde und der Zwecke der Verarbeitung sowie der unterschiedlichen Eintrittswahrscheinlichkeiten und des Ausma\u00dfes der Bedrohung der Rechte und Freiheiten nat\u00fcrlicher Personen geeignete technische und organisatorische Ma\u00dfnahmen, um ein dem Risiko angemessenes Schutzniveau zu gew\u00e4hrleisten.<\/p>\n<p>Zu den Ma\u00dfnahmen geh\u00f6ren insbesondere die Sicherung der Vertraulichkeit, Integrit\u00e4t und Verf\u00fcgbarkeit von Daten durch Kontrolle des physischen und elektronischen Zugangs zu den Daten als auch des sie betreffenden Zugriffs, der Eingabe, der Weitergabe, der Sicherung der Verf\u00fcgbarkeit und ihrer Trennung. Des Weiteren haben wir Verfahren eingerichtet, die eine Wahrnehmung von Betroffenenrechten, die L\u00f6schung von Daten und Reaktionen auf die Gef\u00e4hrdung der Daten gew\u00e4hrleisten. Ferner ber\u00fccksichtigen wir den Schutz personenbezogener Daten bereits bei der Entwicklung bzw. Auswahl von Hardware, Software sowie Verfahren entsprechend dem Prinzip des Datenschutzes, durch Technikgestaltung und durch datenschutzfreundliche Voreinstellungen.<\/p>\n<p>TLS\/SSL-Verschl\u00fcsselung (https): Um die Daten der Benutzer, die \u00fcber unsere Online-Dienste \u00fcbertragen werden, zu sch\u00fctzen, verwenden wir TLS\/SSL-Verschl\u00fcsselung. Secure Sockets Layer (SSL) ist die Standardtechnologie zur Sicherung von Internetverbindungen durch Verschl\u00fcsselung der zwischen einer Website oder App und einem Browser (oder zwischen zwei Servern) \u00fcbertragenen Daten. Transport Layer Security (TLS) ist eine aktualisierte und sicherere Version von SSL. Hyper Text Transfer Protocol Secure (HTTPS) wird in der URL angezeigt, wenn eine Website durch ein SSL\/TLS-Zertifikat gesichert ist.<\/p>\n\n<h2 id=\"m24\">Internationale Datentransfers<\/h2><p>Datenverarbeitung in Drittl\u00e4ndern: Sofern wir Daten in einem Drittland (d.&nbsp;h., au\u00dferhalb der Europ\u00e4ischen Union (EU), des Europ\u00e4ischen Wirtschaftsraums (EWR)) verarbeiten oder die Verarbeitung im Rahmen der Inanspruchnahme von Diensten Dritter oder der Offenlegung bzw. \u00dcbermittlung von Daten an andere Personen, Stellen oder Unternehmen stattfindet, erfolgt dies nur im Einklang mit den gesetzlichen Vorgaben. Sofern das Datenschutzniveau in dem Drittland mittels eines Angemessenheitsbeschlusses anerkannt wurde (Art. 45 DSGVO), dient dieser als Grundlage des Datentransfers. Im \u00dcbrigen erfolgen Datentransfers nur dann, wenn das Datenschutzniveau anderweitig gesichert ist, insbesondere durch Standardvertragsklauseln (Art. 46 Abs. 2 lit. c) DSGVO), ausdr\u00fcckliche Einwilligung oder im Fall vertraglicher oder gesetzlich erforderlicher \u00dcbermittlung (Art. 49 Abs. 1 DSGVO). Im \u00dcbrigen teilen wir Ihnen die Grundlagen der Drittland\u00fcbermittlung bei den einzelnen Anbietern aus dem Drittland mit, wobei die Angemessenheitsbeschl\u00fcsse als Grundlagen vorrangig gelten. Informationen zu Drittlandtransfers und vorliegenden Angemessenheitsbeschl\u00fcssen k\u00f6nnen dem Informationsangebot der EU-Kommission entnommen werden: <a href=\"https:\/\/commission.europa.eu\/law\/law-topic\/data-protection\/international-dimension-data-protection_en?prefLang=de\" target=\"_blank\" rel=\"noopener\">https:\/\/commission.europa.eu\/law\/law-topic\/data-protection\/international-dimension-data-protection_en?prefLang=de.<\/a><\/p>\n<p>EU-US Trans-Atlantic Data Privacy Framework: Im Rahmen des sogenannten \u201eData Privacy Framework\" (DPF) hat die EU-Kommission das Datenschutzniveau ebenfalls f\u00fcr bestimmte Unternehmen aus den USA im Rahmen der Angemessenheitsbeschlusses vom 10.07.2023 als sicher anerkannt. Die Liste der zertifizierten Unternehmen als auch weitere Informationen zu dem DPF k\u00f6nnen Sie der Webseite des Handelsministeriums der USA unter <a href=\"https:\/\/www.dataprivacyframework.gov\/\" target=\"_blank\" rel=\"noopener\">https:\/\/www.dataprivacyframework.gov\/<\/a> (in Englisch) entnehmen. Wir informieren Sie im Rahmen der Datenschutzhinweise, welche von uns eingesetzten Diensteanbieter unter dem Data Privacy Framework zertifiziert sind.<\/p>\n\n<h2 id=\"m10\">Rechte der betroffenen Personen<\/h2><p>Rechte der betroffenen Personen aus der DSGVO: Ihnen stehen als Betroffene nach der DSGVO verschiedene Rechte zu, die sich insbesondere aus Art. 15 bis 21 DSGVO ergeben:<\/p><ul><li><strong>Widerspruchsrecht: Sie haben das Recht, aus Gr\u00fcnden, die sich aus Ihrer besonderen Situation ergeben, jederzeit gegen die Verarbeitung der Sie betreffenden personenbezogenen Daten, die aufgrund von Art. 6 Abs. 1 lit. e oder f DSGVO erfolgt, Widerspruch einzulegen; dies gilt auch f\u00fcr ein auf diese Bestimmungen gest\u00fctztes Profiling. Werden die Sie betreffenden personenbezogenen Daten verarbeitet, um Direktwerbung zu betreiben, haben Sie das Recht, jederzeit Widerspruch gegen die Verarbeitung der Sie betreffenden personenbezogenen Daten zum Zwecke derartiger Werbung einzulegen; dies gilt auch f\u00fcr das Profiling, soweit es mit solcher Direktwerbung in Verbindung steht.<\/strong><\/li><li><strong>Widerrufsrecht bei Einwilligungen:<\/strong> Sie haben das Recht, erteilte Einwilligungen jederzeit zu widerrufen.<\/li><li><strong>Auskunftsrecht:<\/strong> Sie haben das Recht, eine Best\u00e4tigung dar\u00fcber zu verlangen, ob betreffende Daten verarbeitet werden und auf Auskunft \u00fcber diese Daten sowie auf weitere Informationen und Kopie der Daten entsprechend den gesetzlichen Vorgaben.<\/li><li><strong>Recht auf Berichtigung:<\/strong> Sie haben entsprechend den gesetzlichen Vorgaben das Recht, die Vervollst\u00e4ndigung der Sie betreffenden Daten oder die Berichtigung der Sie betreffenden unrichtigen Daten zu verlangen.<\/li><li><strong>Recht auf L\u00f6schung und Einschr\u00e4nkung der Verarbeitung:<\/strong> Sie haben nach Ma\u00dfgabe der gesetzlichen Vorgaben das Recht, zu verlangen, dass Sie betreffende Daten unverz\u00fcglich gel\u00f6scht werden, bzw. alternativ nach Ma\u00dfgabe der gesetzlichen Vorgaben eine Einschr\u00e4nkung der Verarbeitung der Daten zu verlangen.<\/li><li><strong>Recht auf Daten\u00fcbertragbarkeit:<\/strong> Sie haben das Recht, Sie betreffende Daten, die Sie uns bereitgestellt haben, nach Ma\u00dfgabe der gesetzlichen Vorgaben in einem strukturierten, g\u00e4ngigen und maschinenlesbaren Format zu erhalten oder deren \u00dcbermittlung an einen anderen Verantwortlichen zu fordern.<\/li><li><strong>Beschwerde bei Aufsichtsbeh\u00f6rde:<\/strong> Sie haben unbeschadet eines anderweitigen verwaltungsrechtlichen oder gerichtlichen Rechtsbehelfs das Recht auf Beschwerde bei einer Aufsichtsbeh\u00f6rde, insbesondere in dem Mitgliedstaat ihres gew\u00f6hnlichen Aufenthaltsorts, ihres Arbeitsplatzes oder des Orts des mutma\u00dflichen Versto\u00dfes, wenn Sie der Ansicht sind, dass die Verarbeitung der Sie betreffenden personenbezogenen Daten gegen die Vorgaben der DSGVO verst\u00f6\u00dft.<\/li><\/ul>\n\n<h2 id=\"m134\">Einsatz von Cookies<\/h2><p>Cookies sind kleine Textdateien, bzw. sonstige Speichervermerke, die Informationen auf Endger\u00e4ten speichern und Informationen aus den Endger\u00e4ten auslesen. Z.&nbsp;B. um den Login-Status in einem Nutzerkonto, einen Warenkorbinhalt in einem E-Shop, die aufgerufenen Inhalte oder verwendete Funktionen eines Onlineangebotes speichern. Cookies k\u00f6nnen ferner zu unterschiedlichen Zwecken eingesetzt werden, z.&nbsp;B. zu Zwecken der Funktionsf\u00e4higkeit, Sicherheit und Komfort von Onlineangeboten sowie der Erstellung von Analysen der Besucherstr\u00f6me. <\/p>\n<p><strong>Hinweise zur Einwilligung: <\/strong>Wir setzen Cookies im Einklang mit den gesetzlichen Vorschriften ein. Daher holen wir von den Nutzern eine vorhergehende Einwilligung ein, au\u00dfer wenn diese gesetzlich nicht gefordert ist. Eine Einwilligung ist insbesondere nicht notwendig, wenn das Speichern und das Auslesen der Informationen, also auch von Cookies, unbedingt erforderlich sind, um dem den Nutzern einen von ihnen ausdr\u00fccklich gew\u00fcnschten Telemediendienst (also unser Onlineangebot) zur Verf\u00fcgung zu stellen. Zu den unbedingt erforderlichen Cookies geh\u00f6ren in der Regel Cookies mit Funktionen, die der Anzeige und Lauff\u00e4higkeit des Onlineangebotes , dem Lastausgleich, der Sicherheit, der Speicherung der Pr\u00e4ferenzen und Auswahlm\u00f6glichkeiten der Nutzer oder \u00e4hnlichen mit der Bereitstellung der Haupt- und Nebenfunktionen des von den Nutzern angeforderten Onlineangebotes zusammenh\u00e4ngenden Zwecken dienen. Die widerrufliche Einwilligung wird gegen\u00fcber den Nutzern deutlich kommuniziert und enth\u00e4lt die Informationen zu der jeweiligen Cookie-Nutzung.<\/p>\n<p><strong>Hinweise zu datenschutzrechtlichen Rechtsgrundlagen: <\/strong>Auf welcher datenschutzrechtlichen Rechtsgrundlage wir die personenbezogenen Daten der Nutzer mit Hilfe von Cookies verarbeiten, h\u00e4ngt davon ab, ob wir Nutzer um eine Einwilligung bitten. Falls die Nutzer einwilligen, ist die Rechtsgrundlage der Verarbeitung Ihrer Daten die erkl\u00e4rte Einwilligung. Andernfalls werden die mithilfe von Cookies verarbeiteten Daten auf Grundlage unserer berechtigten Interessen (z.&nbsp;B. an einem betriebswirtschaftlichen Betrieb unseres Onlineangebotes und Verbesserung seiner Nutzbarkeit) verarbeitet oder, wenn dies im Rahmen der Erf\u00fcllung unserer vertraglichen Pflichten erfolgt, wenn der Einsatz von Cookies erforderlich ist, um unsere vertraglichen Verpflichtungen zu erf\u00fcllen. Zu welchen Zwecken die Cookies von uns verarbeitet werden, dar\u00fcber kl\u00e4ren wir im Laufe dieser Datenschutzerkl\u00e4rung oder im Rahmen von unseren Einwilligungs- und Verarbeitungsprozessen auf.<\/p>\n<p><strong>Speicherdauer:&nbsp;<\/strong>Im Hinblick auf die Speicherdauer werden die folgenden Arten von Cookies unterschieden:<\/p><ul><li><strong>Tempor\u00e4re Cookies (auch: Session- oder Sitzungs-Cookies):<\/strong>&nbsp;Tempor\u00e4re Cookies werden sp\u00e4testens gel\u00f6scht, nachdem ein Nutzer ein Online-Angebot verlassen und sein Endger\u00e4t (z.&nbsp;B. Browser oder mobile Applikation) geschlossen hat.<\/li><li><strong>Permanente Cookies:<\/strong> Permanente Cookies bleiben auch nach dem Schlie\u00dfen des Endger\u00e4tes gespeichert. So k\u00f6nnen beispielsweise der Login-Status gespeichert oder bevorzugte Inhalte direkt angezeigt werden, wenn der Nutzer eine Website erneut besucht. Ebenso k\u00f6nnen die mit Hilfe von Cookies erhobenen Daten der Nutzer zur Reichweitenmessung verwendet werden. Sofern wir Nutzern&nbsp;keine expliziten Angaben zur Art und Speicherdauer von Cookies mitteilen (z.&nbsp;B. im Rahmen der Einholung der Einwilligung), sollten Nutzer davon ausgehen, dass Cookies permanent sind und die Speicherdauer bis zu zwei Jahre betragen kann.<\/li><\/ul><p><strong>Allgemeine Hinweise zum Widerruf und Widerspruch (sog. \"Opt-Out\"): <\/strong>Nutzer k\u00f6nnen die von ihnen abgegebenen Einwilligungen jederzeit widerrufen und der Verarbeitung entsprechend den gesetzlichen Vorgaben widersprechen. Hierzu k\u00f6nnen Nutzer unter anderem die Verwendung von Cookies in den Einstellungen ihres Browsers einschr\u00e4nken (wobei dadurch auch die Funktionalit\u00e4t unseres Onlineangebotes eingeschr\u00e4nkt sein kann). Ein Widerspruch gegen die Verwendung von Cookies zu Online-Marketing-Zwecken kann auch \u00fcber die Websites <a href=\"https:\/\/optout.aboutads.info\/\" target=\"_new\" rel=\"noopener\">https:\/\/optout.aboutads.info<\/a> und <a href=\"https:\/\/www.youronlinechoices.com\/\" target=\"_new\" rel=\"noopener\">https:\/\/www.youronlinechoices.com\/<\/a> erkl\u00e4rt werden.<\/p>\n<ul class=\"m-elements\"><li class=\"\"><strong>Rechtsgrundlagen:<\/strong> Berechtigte Interessen (Art. 6 Abs. 1 S. 1 lit. f) DSGVO). Einwilligung (Art. 6 Abs. 1 S. 1 lit. a) DSGVO).<\/li><\/ul><p><strong>Weitere Hinweise zu Verarbeitungsprozessen, Verfahren und Diensten:<\/strong><\/p><ul class=\"m-elements\"><li><strong>Verarbeitung von Cookie-Daten auf Grundlage einer Einwilligung: <\/strong>Wir setzen eine Einwilligungs-Management-L\u00f6sung ein, bei der die Einwilligung der Nutzer zur Verwendung von Cookies oder zu den im Rahmen der Einwilligungs-Management-L\u00f6sung genannten Verfahren und Anbietern eingeholt wird. Dieses Verfahren dient der Einholung, Protokollierung, Verwaltung und dem Widerruf von Einwilligungen, insbesondere bezogen auf den Einsatz von Cookies und vergleichbaren Technologien, die zur Speicherung, zum Auslesen und zur Verarbeitung von Informationen auf den Endger\u00e4ten der Nutzer eingesetzt werden. Im Rahmen dieses Verfahrens werden die Einwilligungen der Nutzer f\u00fcr die Nutzung von Cookies und die damit verbundenen Verarbeitungen von Informationen, einschlie\u00dflich der im Einwilligungs-Management-Verfahren genannten spezifischen Verarbeitungen und Anbieter, eingeholt. Die Nutzer haben zudem die M\u00f6glichkeit, ihre Einwilligungen zu verwalten und zu widerrufen. Die Einwilligungserkl\u00e4rungen werden gespeichert, um eine erneute Abfrage zu vermeiden und den Nachweis der Einwilligung gem\u00e4\u00df der gesetzlichen Anforderungen f\u00fchren zu k\u00f6nnen. Die Speicherung erfolgt serverseitig und\/oder in einem Cookie (sogenanntes Opt-In-Cookie) oder mittels vergleichbarer Technologien, um die Einwilligung einem spezifischen Nutzer oder dessen Ger\u00e4t zuordnen zu k\u00f6nnen. Sofern keine spezifischen Angaben zu den Anbietern von Einwilligungs-Management-Diensten vorliegen, gelten folgende allgemeine Hinweise: Die Dauer der Speicherung der Einwilligung betr\u00e4gt bis zu zwei Jahre. Dabei wird ein pseudonymer Nutzer-Identifikator erstellt, der zusammen mit dem Zeitpunkt der Einwilligung, den Angaben zum Umfang der Einwilligung (z.&nbsp;B. betreffende Kategorien von Cookies und\/oder Diensteanbieter) sowie Informationen \u00fcber den Browser, das System und das verwendete Endger\u00e4t gespeichert wird; <span class=\"\"><strong>Rechtsgrundlagen:<\/strong> Einwilligung (Art. 6 Abs. 1 S. 1 lit. a) DSGVO).<\/span><\/li><\/ul>\n<h2 id=\"m225\">Bereitstellung des Onlineangebotes und Webhosting<\/h2><p>Wir verarbeiten die Daten der Nutzer, um ihnen unsere Online-Dienste zur Verf\u00fcgung stellen zu k\u00f6nnen. Zu diesem Zweck verarbeiten wir die IP-Adresse des Nutzers, die notwendig ist, um die Inhalte und Funktionen unserer Online-Dienste an den Browser oder das Endger\u00e4t der Nutzer zu \u00fcbermitteln.<\/p>\n<ul class=\"m-elements\"><li><strong>Verarbeitete Datenarten:<\/strong> Nutzungsdaten (z.&nbsp;B. besuchte Webseiten, Interesse an Inhalten, Zugriffszeiten); Meta-, Kommunikations- und Verfahrensdaten (z.&nbsp;.B. IP-Adressen, Zeitangaben, Identifikationsnummern, Einwilligungsstatus).<\/li><li><strong>Betroffene Personen:<\/strong> Nutzer (z.&nbsp;.B. Webseitenbesucher, Nutzer von Onlinediensten).<\/li><li><strong>Zwecke der Verarbeitung:<\/strong> Bereitstellung unseres Onlineangebotes und Nutzerfreundlichkeit; Informationstechnische Infrastruktur (Betrieb und Bereitstellung von Informationssystemen und technischen Ger\u00e4ten (Computer, Server etc.).). Sicherheitsma\u00dfnahmen.<\/li><li class=\"\"><strong>Rechtsgrundlagen:<\/strong> Berechtigte Interessen (Art. 6 Abs. 1 S. 1 lit. f) DSGVO).<\/li><\/ul><p><strong>Weitere Hinweise zu Verarbeitungsprozessen, Verfahren und Diensten:<\/strong><\/p><ul class=\"m-elements\"><li><strong>Erhebung von Zugriffsdaten und Logfiles: <\/strong>Der Zugriff auf unser Onlineangebot wird in Form von so genannten \"Server-Logfiles\" protokolliert. Zu den Serverlogfiles k\u00f6nnen die Adresse und Name der abgerufenen Webseiten und Dateien, Datum und Uhrzeit des Abrufs, \u00fcbertragene Datenmengen, Meldung \u00fcber erfolgreichen Abruf, Browsertyp nebst Version, das Betriebssystem des Nutzers, Referrer URL (die zuvor besuchte Seite) und im Regelfall IP-Adressen und der anfragende Provider geh\u00f6ren. Die Serverlogfiles k\u00f6nnen zum einen zu Zwecken der Sicherheit eingesetzt werden, z.&nbsp;B., um eine \u00dcberlastung der Server zu vermeiden (insbesondere im Fall von missbr\u00e4uchlichen Angriffen, sogenannten DDoS-Attacken) und zum anderen, um die Auslastung der Server und ihre Stabilit\u00e4t sicherzustellen; <span class=\"\"><strong>Rechtsgrundlagen:<\/strong> Berechtigte Interessen (Art. 6 Abs. 1 S. 1 lit. f) DSGVO). <\/span><strong>L\u00f6schung von Daten:<\/strong> Logfile-Informationen werden f\u00fcr die Dauer von maximal 30 Tagen gespeichert und danach gel\u00f6scht oder anonymisiert. Daten, deren weitere Aufbewahrung zu Beweiszwecken erforderlich ist, sind bis zur endg\u00fcltigen Kl\u00e4rung des jeweiligen Vorfalls von der L\u00f6schung ausgenommen.<\/li><\/ul>\n<h2 id=\"m182\">Kontakt- und Anfragenverwaltung<\/h2><p>Bei der Kontaktaufnahme mit uns (z.&nbsp;B. per Post, Kontaktformular, E-Mail, Telefon oder via soziale Medien) sowie im Rahmen bestehender Nutzer- und Gesch\u00e4ftsbeziehungen werden die Angaben der anfragenden Personen verarbeitet soweit dies zur Beantwortung der Kontaktanfragen und etwaiger angefragter Ma\u00dfnahmen erforderlich ist.<\/p>\n<ul class=\"m-elements\"><li><strong>Verarbeitete Datenarten:<\/strong> Kontaktdaten (z.&nbsp;B. E-Mail, Telefonnummern); Inhaltsdaten (z.&nbsp;B. Eingaben in Onlineformularen); Nutzungsdaten (z.&nbsp;B. besuchte Webseiten, Interesse an Inhalten, Zugriffszeiten); Meta-, Kommunikations- und Verfahrensdaten (z.&nbsp;.B. IP-Adressen, Zeitangaben, Identifikationsnummern, Einwilligungsstatus).<\/li><li><strong>Betroffene Personen:<\/strong> Kommunikationspartner.<\/li><li><strong>Zwecke der Verarbeitung:<\/strong> Kontaktanfragen und Kommunikation; Verwaltung und Beantwortung von Anfragen; Feedback (z.&nbsp;B. Sammeln von Feedback via Online-Formular). Bereitstellung unseres Onlineangebotes und Nutzerfreundlichkeit.<\/li><li class=\"\"><strong>Rechtsgrundlagen:<\/strong> Berechtigte Interessen (Art. 6 Abs. 1 S. 1 lit. f) DSGVO). Vertragserf\u00fcllung und vorvertragliche Anfragen (Art. 6 Abs. 1 S. 1 lit. b) DSGVO).<\/li><\/ul><p><strong>Weitere Hinweise zu Verarbeitungsprozessen, Verfahren und Diensten:<\/strong><\/p><ul class=\"m-elements\"><li><strong>Kontaktformular: <\/strong>Wenn Nutzer \u00fcber unser Kontaktformular, E-Mail oder andere Kommunikationswege mit uns in Kontakt treten, verarbeiten wir die uns in diesem Zusammenhang mitgeteilten Daten zur Bearbeitung des mitgeteilten Anliegens; <span class=\"\"><strong>Rechtsgrundlagen:<\/strong> Vertragserf\u00fcllung und vorvertragliche Anfragen (Art. 6 Abs. 1 S. 1 lit. b) DSGVO), Berechtigte Interessen (Art. 6 Abs. 1 S. 1 lit. f) DSGVO).<\/span><\/li><\/ul>\n\n<\/code><\/pre>\n","protected":false},"excerpt":{"rendered":"","protected":false},"author":1,"featured_media":0,"parent":0,"menu_order":0,"comment_status":"closed","ping_status":"open","template":"","meta":{"_themeisle_gutenberg_block_has_review":false,"footnotes":""},"class_list":["post-3","page","type-page","status-publish","hentry"],"_links":{"self":[{"href":"https:\/\/www.nectis.de\/index.php?rest_route=\/wp\/v2\/pages\/3","targetHints":{"allow":["GET"]}}],"collection":[{"href":"https:\/\/www.nectis.de\/index.php?rest_route=\/wp\/v2\/pages"}],"about":[{"href":"https:\/\/www.nectis.de\/index.php?rest_route=\/wp\/v2\/types\/page"}],"author":[{"embeddable":true,"href":"https:\/\/www.nectis.de\/index.php?rest_route=\/wp\/v2\/users\/1"}],"replies":[{"embeddable":true,"href":"https:\/\/www.nectis.de\/index.php?rest_route=%2Fwp%2Fv2%2Fcomments&post=3"}],"version-history":[{"count":2,"href":"https:\/\/www.nectis.de\/index.php?rest_route=\/wp\/v2\/pages\/3\/revisions"}],"predecessor-version":[{"id":169,"href":"https:\/\/www.nectis.de\/index.php?rest_route=\/wp\/v2\/pages\/3\/revisions\/169"}],"wp:attachment":[{"href":"https:\/\/www.nectis.de\/index.php?rest_route=%2Fwp%2Fv2%2Fmedia&parent=3"}],"curies":[{"name":"wp","href":"https:\/\/api.w.org\/{rel}","templated":true}]}}